{"id":9062,"date":"2025-12-10T12:12:04","date_gmt":"2025-12-10T11:12:04","guid":{"rendered":"https:\/\/torzokom.com\/?post_type=product&#038;p=9062"},"modified":"2026-02-10T22:15:41","modified_gmt":"2026-02-10T21:15:41","slug":"winchester-wildcat-field-sa-kalibar-22lr-th","status":"publish","type":"product","link":"https:\/\/torzokom.com\/en\/product\/winchester-wildcat-field-sa-kalibar-22lr-th\/","title":{"rendered":"Winchester Wildcat Field SA Kalibar: 22LR TH"},"content":{"rendered":"<p>Ova poluautomatska pu\u0161ka kalibra .22 je pravo zadovoljstvo! Ne dajte se zavarati tradicionalnim izgledom drvenog kundaka &#8211; ova pu\u0161ka oli\u010duje modernu pu\u0161ku. Du\u017eina kundaka se mo\u017ee podesiti pomo\u0107u razli\u010ditih odstojnika ili jastu\u010di\u0107a za trzaj.<br \/>\nDonji sklop prijemnika mo\u017ee se ukloniti iz gornjeg dijela zajedno sa zatvara\u010dem i okida\u010dem jednostavnim pritiskom na dugme koje se nalazi na stra\u017enjoj strani prijemnika. Nije potreban alat! Dugme za ko\u010dnicu se lako mo\u017ee preokrenuti za jednostavnu upotrebu i od strane ljevaka i de\u0161njaka. Bo\u010dno zaklju\u010davanje<br \/>\nDugme za zaklju\u010davanje zatvara\u010da nalazi se na prednjoj strani \u0161titnika okida\u010da. Mehanizam se mo\u017ee zaklju\u010dati u otvorenom polo\u017eaju za maksimalnu sigurnost tokom skladi\u0161tenja i transporta.<\/p>\n<p><strong>Kundak<\/strong><br \/>\nPojednostavljeni dizajn i pi\u0161toljski rukohvat kundaka za obje ruke \u010dine ga izuzetno ergonomskim. Izrada od lijevanog polimera i mat zavr\u0161na obrada osiguravaju da mo\u017ee izdr\u017eati najte\u017ee uslove.<\/p>\n<p><strong>Picatinny \u0161ina<\/strong><br \/>\nIntegrirana gornja \u0161ina na gornjem dijelu prijemnika pru\u017ea jednostavnu opciju pri\u010dvr\u0161\u0107ivanja ni\u0161ana. Druga Picatinny \u0161ina je postavljena na prednjoj strani prednjeg dijela pu\u0161ke kako biste mogli dodati nogarice, nastavak za remen, baterijsku lampu ili drugi pribor na svoju pu\u0161ku. Poklopac \u0161titi va\u0161e ruke kada \u0161ina nema pribora.<\/p>\n","protected":false},"excerpt":{"rendered":"<p>Ova poluautomatska pu\u0161ka kalibra .22 je pravo zadovoljstvo! Ne dajte se zavarati tradicionalnim izgledom drvenog kundaka &#8211; ova pu\u0161ka oli\u010duje modernu pu\u0161ku. Du\u017eina kundaka se mo\u017ee podesiti pomo\u0107u razli\u010ditih odstojnika ili jastu\u010di\u0107a za trzaj. Donji sklop prijemnika mo\u017ee se ukloniti iz gornjeg dijela zajedno sa zatvara\u010dem i okida\u010dem jednostavnim pritiskom na dugme koje se nalazi [&hellip;]<\/p>\n","protected":false},"featured_media":9103,"template":"","meta":[],"product_cat":[46,114],"product_tag":[],"class_list":{"0":"post-9062","1":"product","2":"type-product","3":"status-publish","4":"has-post-thumbnail","6":"product_brand-winchester","7":"product_cat-oruzje","8":"product_cat-sportsko-oruzje","10":"first","11":"instock","12":"taxable","13":"shipping-taxable","14":"purchasable","15":"product-type-simple"},"_links":{"self":[{"href":"https:\/\/torzokom.com\/en\/wp-json\/wp\/v2\/product\/9062","targetHints":{"allow":["GET"]}}],"collection":[{"href":"https:\/\/torzokom.com\/en\/wp-json\/wp\/v2\/product"}],"about":[{"href":"https:\/\/torzokom.com\/en\/wp-json\/wp\/v2\/types\/product"}],"version-history":[{"count":0,"href":"https:\/\/torzokom.com\/en\/wp-json\/wp\/v2\/product\/9062\/revisions"}],"wp:featuredmedia":[{"embeddable":true,"href":"https:\/\/torzokom.com\/en\/wp-json\/wp\/v2\/media\/9103"}],"wp:attachment":[{"href":"https:\/\/torzokom.com\/en\/wp-json\/wp\/v2\/media?parent=9062"}],"wp:term":[{"taxonomy":"product_cat","embeddable":true,"href":"https:\/\/torzokom.com\/en\/wp-json\/wp\/v2\/product_cat?post=9062"},{"taxonomy":"product_tag","embeddable":true,"href":"https:\/\/torzokom.com\/en\/wp-json\/wp\/v2\/product_tag?post=9062"}],"curies":[{"name":"wp","href":"https:\/\/api.w.org\/{rel}","templated":true}]}}