{"id":9332,"date":"2025-12-16T11:57:56","date_gmt":"2025-12-16T10:57:56","guid":{"rendered":"https:\/\/torzokom.com\/?post_type=product&#038;p=9332"},"modified":"2026-02-19T11:22:34","modified_gmt":"2026-02-19T10:22:34","slug":"browning-blr-lightweight-hunter-laminated-brown-threaded","status":"publish","type":"product","link":"https:\/\/torzokom.com\/en\/product\/browning-blr-lightweight-hunter-laminated-brown-threaded\/","title":{"rendered":"Browning BLR Lightweight Hunter Laminated Brown Threaded"},"content":{"rendered":"<h2>Browning BLR Lightweight Hunter Laminated Brown Threaded<\/h2>\n<p>BLR Lightweight Hunter Laminated Brown Threaded je jedina pu\u0161ka s polu\u017enim repetiranjem razvijena u magnum kalibrima.<br \/>\nNjena mehanika je besprijekorna i karakterizira je izuzetna glatko\u0107a rada. Ima uklonjivi okvir i visokokvalitetnu cijev te je spremna za ugradnju opti\u010dkog ni\u0161ana.<\/p>\n","protected":false},"excerpt":{"rendered":"<div class=\"Y3BBE\" data-sfc-cp=\"\" data-hveid=\"CAEIARAA\" data-complete=\"true\" data-processed=\"true\"><strong class=\"Yjhzub\" data-complete=\"true\">Browning BLR Lightweight Hunter Laminated Brown Threaded<\/strong> je moderna verzija legendarne lever-action pu\u0161ke, prilago\u0111ena savremenim lovcima koji tra\u017ee preciznost i mogu\u0107nost brzog pucanja bez sklanjanja puske iz nisanske linije.\u00a0<button class=\"rBl3me\" tabindex=\"0\" data-amic=\"true\" data-icl-uuid=\"c59b8263-7065-45a3-8af9-71c6b23672c7\" aria-label=\"View related links\" data-wiz-attrbind=\"disabled=EFy8T_c\/C5gNJc;aria-label=EFy8T_c\/bOjMyf;class=EFy8T_c\/UpSNec\" data-ved=\"2ahUKEwjku-qsqeWSAxVd_AIHHRbkJQ4Qye0OegYIAQgBEAE\"><\/button><\/div>\n<div class=\"Fsg96\" data-sfc-cp=\"\" data-complete=\"true\" data-processed=\"true\"><\/div>\n","protected":false},"featured_media":9464,"template":"","meta":[],"product_cat":[199,46],"product_tag":[],"class_list":{"0":"post-9332","1":"product","2":"type-product","3":"status-publish","4":"has-post-thumbnail","6":"product_brand-browning","7":"product_cat-lovacki-karabini","8":"product_cat-oruzje","9":"pa_kalibar-30-06-spr","10":"pa_kalibar-308-win","12":"first","13":"instock","14":"taxable","15":"shipping-taxable","16":"purchasable","17":"product-type-variable"},"_links":{"self":[{"href":"https:\/\/torzokom.com\/en\/wp-json\/wp\/v2\/product\/9332","targetHints":{"allow":["GET"]}}],"collection":[{"href":"https:\/\/torzokom.com\/en\/wp-json\/wp\/v2\/product"}],"about":[{"href":"https:\/\/torzokom.com\/en\/wp-json\/wp\/v2\/types\/product"}],"version-history":[{"count":0,"href":"https:\/\/torzokom.com\/en\/wp-json\/wp\/v2\/product\/9332\/revisions"}],"wp:featuredmedia":[{"embeddable":true,"href":"https:\/\/torzokom.com\/en\/wp-json\/wp\/v2\/media\/9464"}],"wp:attachment":[{"href":"https:\/\/torzokom.com\/en\/wp-json\/wp\/v2\/media?parent=9332"}],"wp:term":[{"taxonomy":"product_cat","embeddable":true,"href":"https:\/\/torzokom.com\/en\/wp-json\/wp\/v2\/product_cat?post=9332"},{"taxonomy":"product_tag","embeddable":true,"href":"https:\/\/torzokom.com\/en\/wp-json\/wp\/v2\/product_tag?post=9332"}],"curies":[{"name":"wp","href":"https:\/\/api.w.org\/{rel}","templated":true}]}}