{"id":9349,"date":"2025-12-16T12:04:35","date_gmt":"2025-12-16T11:04:35","guid":{"rendered":"https:\/\/torzokom.com\/?post_type=product&#038;p=9349"},"modified":"2026-02-16T09:53:55","modified_gmt":"2026-02-16T08:53:55","slug":"browning-maxus-2-hunter","status":"publish","type":"product","link":"https:\/\/torzokom.com\/en\/product\/browning-maxus-2-hunter\/","title":{"rendered":"Browning Maxus 2 Hunter"},"content":{"rendered":"<h2>Browning Maxus 2 Hunter<\/h2>\n<p>Poluautomatska pu\u0161ka &#8211; Browning Maxus 2 Hunter je pouzdana, plinski reaktivna poluautomatska sa\u010dmarica (kalibar 12), poznata po udobnosti i brzini, s kundakom od turskog oraha, plinskim sistemom Power Drive, Lightning okida\u010dem, Inflex II potpornom plo\u010dicom, Speed \u200b\u200bLoad Plus sistemom i kundakom podesivim pomo\u0107u podlo\u017eaka, dostupna s cijevima od 26&#8243; ili 28&#8243;, za \u010dahure od 3&#8243; i uklju\u010duje tri Invector-Plus \u010doka.<\/p>\n<p>Zavr\u0161na obrada prijemnika: Mat crno eloksirano<\/p>\n","protected":false},"excerpt":{"rendered":"<p>Browning Maxus 2 Hunter Poluautomatska pu\u0161ka &#8211; Browning Maxus 2 Hunter je pouzdana, plinski reaktivna poluautomatska sa\u010dmarica (kalibar 12), poznata po udobnosti i brzini, s kundakom od turskog oraha, plinskim sistemom Power Drive, Lightning okida\u010dem, Inflex II potpornom plo\u010dicom, Speed \u200b\u200bLoad Plus sistemom i kundakom podesivim pomo\u0107u podlo\u017eaka, dostupna s cijevima od 26&#8243; ili 28&#8243;, [&hellip;]<\/p>\n","protected":false},"featured_media":9463,"template":"","meta":[],"product_cat":[78,46,192],"product_tag":[301,299,327],"class_list":{"0":"post-9349","1":"product","2":"type-product","3":"status-publish","4":"has-post-thumbnail","6":"product_brand-browning","7":"product_cat-lovacke-puske","8":"product_cat-oruzje","9":"product_cat-poluautomatske-sacmarice","10":"product_tag-browning-maxus-2-hunter","11":"product_tag-browning-poluautomat","12":"product_tag-browning-puska","14":"first","15":"instock","16":"taxable","17":"shipping-taxable","18":"purchasable","19":"product-type-simple"},"_links":{"self":[{"href":"https:\/\/torzokom.com\/en\/wp-json\/wp\/v2\/product\/9349","targetHints":{"allow":["GET"]}}],"collection":[{"href":"https:\/\/torzokom.com\/en\/wp-json\/wp\/v2\/product"}],"about":[{"href":"https:\/\/torzokom.com\/en\/wp-json\/wp\/v2\/types\/product"}],"version-history":[{"count":0,"href":"https:\/\/torzokom.com\/en\/wp-json\/wp\/v2\/product\/9349\/revisions"}],"wp:featuredmedia":[{"embeddable":true,"href":"https:\/\/torzokom.com\/en\/wp-json\/wp\/v2\/media\/9463"}],"wp:attachment":[{"href":"https:\/\/torzokom.com\/en\/wp-json\/wp\/v2\/media?parent=9349"}],"wp:term":[{"taxonomy":"product_cat","embeddable":true,"href":"https:\/\/torzokom.com\/en\/wp-json\/wp\/v2\/product_cat?post=9349"},{"taxonomy":"product_tag","embeddable":true,"href":"https:\/\/torzokom.com\/en\/wp-json\/wp\/v2\/product_tag?post=9349"}],"curies":[{"name":"wp","href":"https:\/\/api.w.org\/{rel}","templated":true}]}}