{"id":9398,"date":"2025-12-16T11:55:34","date_gmt":"2025-12-16T10:55:34","guid":{"rendered":"https:\/\/torzokom.com\/?post_type=product&#038;p=9398"},"modified":"2026-02-16T10:39:08","modified_gmt":"2026-02-16T09:39:08","slug":"nocpix-vista-h35-termalni-monokular","status":"publish","type":"product","link":"https:\/\/torzokom.com\/en\/product\/nocpix-vista-h35-termalni-monokular\/","title":{"rendered":"Nocpix VISTA H35 Termalni Monokular"},"content":{"rendered":"<h2>Nocpix VISTA H35 Termalni Monokular<\/h2>\n<p>Termalni monokulari serije Vista su dizajnirani za upotrebu i noc\u0301u i tokom dana i pru\u017eaju izuzetan kvalitet slike \u010dak i u nepovoljnim vremenskim uslovima (magla, smog, ki\u0161a) i izvan prepreka kao \u0161to su granje, visoka trava, gusto li\u0161c\u0301e itd. za koje je poznato da ometaju otkrivanje ciljeva.<br \/>\nVISTA termalni monokulari su dizajnirani za razli\u010dite primjene uklju\u010dujuc\u0301i lov, posmatranje, bezbjednost, orijentaciju terena, operacije traganja i spasavanja itd.<\/p>\n","protected":false},"excerpt":{"rendered":"<p>Nocpix VISTA H35 Termalni Monokular Termalni monokulari serije Vista su dizajnirani za upotrebu i noc\u0301u i tokom dana i pru\u017eaju izuzetan kvalitet slike \u010dak i u nepovoljnim vremenskim uslovima (magla, smog, ki\u0161a) i izvan prepreka kao \u0161to su granje, visoka trava, gusto li\u0161c\u0301e itd. za koje je poznato da ometaju otkrivanje ciljeva. VISTA termalni monokulari [&hellip;]<\/p>\n","protected":false},"featured_media":9457,"template":"","meta":[],"product_cat":[109,177],"product_tag":[],"class_list":{"0":"post-9398","1":"product","2":"type-product","3":"status-publish","4":"has-post-thumbnail","6":"product_brand-nocpix","7":"product_cat-monokulari","8":"product_cat-termalni-uredjaji","10":"first","11":"instock","12":"sale","13":"taxable","14":"shipping-taxable","15":"purchasable","16":"product-type-simple"},"_links":{"self":[{"href":"https:\/\/torzokom.com\/en\/wp-json\/wp\/v2\/product\/9398","targetHints":{"allow":["GET"]}}],"collection":[{"href":"https:\/\/torzokom.com\/en\/wp-json\/wp\/v2\/product"}],"about":[{"href":"https:\/\/torzokom.com\/en\/wp-json\/wp\/v2\/types\/product"}],"version-history":[{"count":0,"href":"https:\/\/torzokom.com\/en\/wp-json\/wp\/v2\/product\/9398\/revisions"}],"wp:featuredmedia":[{"embeddable":true,"href":"https:\/\/torzokom.com\/en\/wp-json\/wp\/v2\/media\/9457"}],"wp:attachment":[{"href":"https:\/\/torzokom.com\/en\/wp-json\/wp\/v2\/media?parent=9398"}],"wp:term":[{"taxonomy":"product_cat","embeddable":true,"href":"https:\/\/torzokom.com\/en\/wp-json\/wp\/v2\/product_cat?post=9398"},{"taxonomy":"product_tag","embeddable":true,"href":"https:\/\/torzokom.com\/en\/wp-json\/wp\/v2\/product_tag?post=9398"}],"curies":[{"name":"wp","href":"https:\/\/api.w.org\/{rel}","templated":true}]}}