{"id":9405,"date":"2025-12-16T11:48:19","date_gmt":"2025-12-16T10:48:19","guid":{"rendered":"https:\/\/torzokom.com\/?post_type=product&#038;p=9405"},"modified":"2026-04-17T01:30:44","modified_gmt":"2026-04-16T23:30:44","slug":"nocpix-mate-h38r","status":"publish","type":"product","link":"https:\/\/torzokom.com\/en\/product\/nocpix-mate-h38r\/","title":{"rendered":"Nocpix Mate H38R"},"content":{"rendered":"<h2>Nocpix Mate H38R<\/h2>\n<p>Nocpix MATE, sa samostalno razvijenim detektorom, pru\u017ea vode\u0107u rezoluciju od 1280\u00d71024, brzinu osve\u017eavanja od 60Hz i NETD \u226415mK za o\u0161tre i jasne slike u bilo kom osvetljenju. Njegov dodatak Magic Zoom pobolj\u0161ava korisni\u010dki interfejs i kvalitet slike, dok laserski daljinomer (LRF) od 1200m, koji je u skladu sa bezbednosnim propisima, sa ugra\u0111enim balisti\u010dkim prora\u010dunom obezbe\u0111uje precizna merenja bez ponovne kalibracije. Napajan standardnom baterijom 18650, MATE nudi dugotrajnost, \u0161to ga \u010dini pouzdanim pratiocem za lovce.<\/p>\n<p>Samostalno razvijen visokoperformansni detektor<\/p>\n<p>&nbsp;<\/p>\n","protected":false},"excerpt":{"rendered":"<p>Nocpix Mate H38R Nocpix MATE, sa samostalno razvijenim detektorom, pru\u017ea vode\u0107u rezoluciju od 1280\u00d71024, brzinu osve\u017eavanja od 60Hz i NETD \u226415mK za o\u0161tre i jasne slike u bilo kom osvetljenju. Njegov dodatak Magic Zoom pobolj\u0161ava korisni\u010dki interfejs i kvalitet slike, dok laserski daljinomer (LRF) od 1200m, koji je u skladu sa bezbednosnim propisima, sa ugra\u0111enim [&hellip;]<\/p>\n","protected":false},"featured_media":9455,"template":"","meta":[],"product_cat":[109,177],"product_tag":[],"class_list":{"0":"post-9405","1":"product","2":"type-product","3":"status-publish","4":"has-post-thumbnail","6":"product_brand-nocpix","7":"product_cat-monokulari","8":"product_cat-termalni-uredjaji","10":"first","11":"instock","12":"sale","13":"taxable","14":"shipping-taxable","15":"purchasable","16":"product-type-simple"},"_links":{"self":[{"href":"https:\/\/torzokom.com\/en\/wp-json\/wp\/v2\/product\/9405","targetHints":{"allow":["GET"]}}],"collection":[{"href":"https:\/\/torzokom.com\/en\/wp-json\/wp\/v2\/product"}],"about":[{"href":"https:\/\/torzokom.com\/en\/wp-json\/wp\/v2\/types\/product"}],"version-history":[{"count":1,"href":"https:\/\/torzokom.com\/en\/wp-json\/wp\/v2\/product\/9405\/revisions"}],"predecessor-version":[{"id":10213,"href":"https:\/\/torzokom.com\/en\/wp-json\/wp\/v2\/product\/9405\/revisions\/10213"}],"wp:featuredmedia":[{"embeddable":true,"href":"https:\/\/torzokom.com\/en\/wp-json\/wp\/v2\/media\/9455"}],"wp:attachment":[{"href":"https:\/\/torzokom.com\/en\/wp-json\/wp\/v2\/media?parent=9405"}],"wp:term":[{"taxonomy":"product_cat","embeddable":true,"href":"https:\/\/torzokom.com\/en\/wp-json\/wp\/v2\/product_cat?post=9405"},{"taxonomy":"product_tag","embeddable":true,"href":"https:\/\/torzokom.com\/en\/wp-json\/wp\/v2\/product_tag?post=9405"}],"curies":[{"name":"wp","href":"https:\/\/api.w.org\/{rel}","templated":true}]}}