{"id":9415,"date":"2025-12-16T11:47:35","date_gmt":"2025-12-16T10:47:35","guid":{"rendered":"https:\/\/torzokom.com\/?post_type=product&#038;p=9415"},"modified":"2026-02-16T10:34:51","modified_gmt":"2026-02-16T09:34:51","slug":"passion-20-60x85-apo","status":"publish","type":"product","link":"https:\/\/torzokom.com\/en\/product\/passion-20-60x85-apo\/","title":{"rendered":"Passion\u2122 20-60\u00d785 APO"},"content":{"rendered":"<h2>Passion\u2122 20-60\u00d785 APO<\/h2>\n<p>GPO PASSION\u2122 20-60\u00d785 APO sa velikim objektivom od 85 mm i ugaonim prikazom omogu\u0107ava sate posmatranja bez zamora. Veoma \u0161iroko vidno polje, veliki zum i kratki raspon fokusa omogu\u0107avaju vam da brzo prona\u0111ete svoj cilj i \u010dine ga idealnim saputnikom za digiskoping. APO sistem so\u010diva (asferi\u010dni opti\u010dki dizajn, ED so\u010diva sa niskom disperzijom), GPObright\u2122 vi\u0161eslojni premaz i dielektri\u010dno oblo\u017eena prizma stvaraju jedinstveno o\u0161tre slike bez rascjepa boja sa maksimalnom rezolucijom i kontrastom.<br \/>\nU kombinaciji sa veoma velikom izlaznom pupilom, mo\u017eete dobiti o\u0161tre slike \u010dak i u te\u0161kim uslovima osvjetljenja ili u sumrak, jedinstveno svijetle, svijetle slike, savr\u0161ene za ornitologe, lovce i ljubitelje prirode.<\/p>\n","protected":false},"excerpt":{"rendered":"<p>Passion\u2122 20-60\u00d785 APO GPO PASSION\u2122 20-60\u00d785 APO sa velikim objektivom od 85 mm i ugaonim prikazom omogu\u0107ava sate posmatranja bez zamora. Veoma \u0161iroko vidno polje, veliki zum i kratki raspon fokusa omogu\u0107avaju vam da brzo prona\u0111ete svoj cilj i \u010dine ga idealnim saputnikom za digiskoping. APO sistem so\u010diva (asferi\u010dni opti\u010dki dizajn, ED so\u010diva sa niskom [&hellip;]<\/p>\n","protected":false},"featured_media":9453,"template":"","meta":[],"product_cat":[105,108],"product_tag":[],"class_list":{"0":"post-9415","1":"product","2":"type-product","3":"status-publish","4":"has-post-thumbnail","6":"product_brand-gpo","7":"product_cat-optika","8":"product_cat-spektivi","10":"first","11":"instock","12":"taxable","13":"shipping-taxable","14":"purchasable","15":"product-type-simple"},"_links":{"self":[{"href":"https:\/\/torzokom.com\/en\/wp-json\/wp\/v2\/product\/9415","targetHints":{"allow":["GET"]}}],"collection":[{"href":"https:\/\/torzokom.com\/en\/wp-json\/wp\/v2\/product"}],"about":[{"href":"https:\/\/torzokom.com\/en\/wp-json\/wp\/v2\/types\/product"}],"version-history":[{"count":0,"href":"https:\/\/torzokom.com\/en\/wp-json\/wp\/v2\/product\/9415\/revisions"}],"wp:featuredmedia":[{"embeddable":true,"href":"https:\/\/torzokom.com\/en\/wp-json\/wp\/v2\/media\/9453"}],"wp:attachment":[{"href":"https:\/\/torzokom.com\/en\/wp-json\/wp\/v2\/media?parent=9415"}],"wp:term":[{"taxonomy":"product_cat","embeddable":true,"href":"https:\/\/torzokom.com\/en\/wp-json\/wp\/v2\/product_cat?post=9415"},{"taxonomy":"product_tag","embeddable":true,"href":"https:\/\/torzokom.com\/en\/wp-json\/wp\/v2\/product_tag?post=9415"}],"curies":[{"name":"wp","href":"https:\/\/api.w.org\/{rel}","templated":true}]}}