{"id":9417,"date":"2025-12-16T11:46:27","date_gmt":"2025-12-16T10:46:27","guid":{"rendered":"https:\/\/torzokom.com\/?post_type=product&#038;p=9417"},"modified":"2025-12-16T11:46:28","modified_gmt":"2025-12-16T10:46:28","slug":"passion-16-48x65-apo","status":"publish","type":"product","link":"https:\/\/torzokom.com\/en\/product\/passion-16-48x65-apo\/","title":{"rendered":"Passion\u2122 16-48\u00d765 APO"},"content":{"rendered":"<h2>Passion\u2122 16-48\u00d765 APO<\/h2>\n<p>GPO PASSION\u2122 16-48\u00d765 mm je manji predstavnik u ovoj klasi i posebno je mobilan zahvaljuju\u0107i svojoj izuzetnoj kompaktnosti i maloj te\u017eini. Oba teleskopa su vodootporna (punjena du\u0161ikom) i imaju visokokvalitetna i izuzetno robusna magnezijumska ku\u0107i\u0161ta s neklizaju\u0107im ArmorX elementima za hvatanje u donjem dijelu teleskopa i integriranom plo\u010dom adaptera za stativ.<br \/>\nOdgovaraju\u0107a torbica za no\u0161enje (stay-on-case) ve\u0107 je uklju\u010dena u opseg isporuke.<\/p>\n","protected":false},"excerpt":{"rendered":"<p>Passion\u2122 16-48\u00d765 APO GPO PASSION\u2122 16-48\u00d765 mm je manji predstavnik u ovoj klasi i posebno je mobilan zahvaljuju\u0107i svojoj izuzetnoj kompaktnosti i maloj te\u017eini. Oba teleskopa su vodootporna (punjena du\u0161ikom) i imaju visokokvalitetna i izuzetno robusna magnezijumska ku\u0107i\u0161ta s neklizaju\u0107im ArmorX elementima za hvatanje u donjem dijelu teleskopa i integriranom plo\u010dom adaptera za stativ. Odgovaraju\u0107a [&hellip;]<\/p>\n","protected":false},"featured_media":9451,"template":"","meta":[],"product_cat":[105,108],"product_tag":[],"class_list":{"0":"post-9417","1":"product","2":"type-product","3":"status-publish","4":"has-post-thumbnail","6":"product_brand-gpo","7":"product_cat-optika","8":"product_cat-spektivi","10":"first","11":"instock","12":"taxable","13":"shipping-taxable","14":"purchasable","15":"product-type-simple"},"_links":{"self":[{"href":"https:\/\/torzokom.com\/en\/wp-json\/wp\/v2\/product\/9417","targetHints":{"allow":["GET"]}}],"collection":[{"href":"https:\/\/torzokom.com\/en\/wp-json\/wp\/v2\/product"}],"about":[{"href":"https:\/\/torzokom.com\/en\/wp-json\/wp\/v2\/types\/product"}],"version-history":[{"count":0,"href":"https:\/\/torzokom.com\/en\/wp-json\/wp\/v2\/product\/9417\/revisions"}],"wp:featuredmedia":[{"embeddable":true,"href":"https:\/\/torzokom.com\/en\/wp-json\/wp\/v2\/media\/9451"}],"wp:attachment":[{"href":"https:\/\/torzokom.com\/en\/wp-json\/wp\/v2\/media?parent=9417"}],"wp:term":[{"taxonomy":"product_cat","embeddable":true,"href":"https:\/\/torzokom.com\/en\/wp-json\/wp\/v2\/product_cat?post=9417"},{"taxonomy":"product_tag","embeddable":true,"href":"https:\/\/torzokom.com\/en\/wp-json\/wp\/v2\/product_tag?post=9417"}],"curies":[{"name":"wp","href":"https:\/\/api.w.org\/{rel}","templated":true}]}}