{"id":96,"date":"2024-05-07T07:09:37","date_gmt":"2024-05-07T07:09:37","guid":{"rendered":"https:\/\/demo2wpopal.b-cdn.net\/tactiko\/product\/fantastic-plastic-watch\/"},"modified":"2026-02-13T03:26:30","modified_gmt":"2026-02-13T02:26:30","slug":"blaser-r8-professional-success","status":"publish","type":"product","link":"https:\/\/torzokom.com\/en\/product\/blaser-r8-professional-success\/","title":{"rendered":"Blaser R8 Professional Success"},"content":{"rendered":"<h2>Blaser R8 Professional Success<\/h2>\n<p>Revolucionaran dizajn Blaser R8 Professional Success kundaka s utorom za palac je dizajn koji pru\u017ea potpuno opu\u0161teno dr\u017eanje za ruku prilikom pucanja, bez obzira na poziciju cilja. To pak ujedno smanjuje povratni trzaj. Postigli su tehni\u010dki napredak na kundaku koji je elegantan i prakti\u010dan, a ima jedinstveni Blaser izgled. Kundak dolazi u vi\u0161e zavr\u0161nih oblika: tamno zelena ili tamno sme\u0111a sintetika, s ergonomskim umecima od meke gume.<\/p>\n<p>Blaser R8 Professional Success je repetiraju\u0107i lova\u010dki karabin direktne akcije, \u0161to zna\u010di da se proces pra\u017enjenja i punjenja pu\u0161ke obavlja pravolinijskim povla\u010denjem ru\u010dice zatvara\u010da nazad-naprijed. Pritom je zatvara\u010d teleskopski \u2013 dvodijelni, \u0161to mu daje manju du\u017einu nego kod konvencionalnih obrtno\u010depnih sistema. U odnosu na sve druge ru\u010dno repetiraju\u0107e pu\u0161ke, Blaser R8 Professional Success je kra\u0107i\u00a0 za 9 cm, ba\u0161 zbog dvodjelnog teleskopskog zatvara\u010da. Bravljenje se obavlja direktno u cijevi, ne u sanduku, preko radijalno raspore\u0111enih zabravljuju\u0107ih segmenata. Veoma je va\u017eno \u0161to u procesu bravljenja nema nikakve rotacije (kru\u017enog kretanja), zabravljuju\u0107ih povr\u0161ina ili \u010dela zatvara\u010da. Povla\u010denjem ru\u010dice zatvara\u010da blagom kretnjom unazad, dolazi do skupljanja, uvla\u010denja zabravljuju\u0107ih segmenata i time do odbravljivanja zatvara\u010da. \u0160iroki opru\u017eni izvlaka\u010d je ve\u0107 u zahvatu sa dnom \u010daure i izvla\u010di je iz le\u017ei\u0161ta.<\/p>\n<p>U krajnjem hodu nazad, uz pomo\u0107 izbaciva\u010da \u2013 \u010daura je izba\u010dena u desnu stranu. Kretnja ru\u010dice unaprijed, dovodi do zahvata metka iz okvira i njegovo uvo\u0111enje u le\u017ei\u0161te metka u cijevi. U krajnjem prednjem polo\u017eaju ru\u010dice zatvara\u010da, dolazi do \u0161irenja zabravljuju\u0107ih segmenata, radijalno po obimu i time do sigurnog bravljenja zatvara\u010da u samoj cevi.<br \/>\nNa zadnjem kraju zatvara\u010da nalazi se poluga, koja kliznim kretanjem napred-nazad, obavlja vi\u0161e funkcija. Najprije, kada palcem ja\u010de ruke potisnete unaprijed ovu polugu, dolazi do napinjanja udarnog mehanizma, tj. opruge udarne igle. Kada je ova poluga u prednjem polo\u017eaju, vidljivo je jarko crveno polje u njenom kliza\u010du, koje i vizuelno opominje da je pu\u0161ka spremna za pucanje.<\/p>\n<p>Svako dalje povla\u010denje ru\u010dice zatvara\u010da nazad-naprijed prepuni\u0107e pu\u0161ku, uz uvjek zapet udarni mehanizam. Kada je situacija za pucanje pro\u0161la, da bi se osigurala pu\u0161ka, dovoljno je samo jo\u0161 malo pogurati ovu polugu za napinjanje unaprijed i ona \u0107e se glatko, ne\u010dujno vratiti u po\u010detni polo\u017eaj, potpuno relaksirav\u0161i udarnu iglu. Da bi se manipulisalo ru\u010dicom zatvara\u010da u cilju prepunjavanja ili pra\u017enjenja cijevi, potrebno je ovu polugu za napinjanje blago potisnuti palcem napred, za samo 3 mm do prvog otpora \u2013 tek tada je zatvara\u010d slobodan za manipulisanje.<\/p>\n<p><strong>Originalnost i bezbednost<\/strong><\/p>\n<p>Blaser R8 Professional Success posjeduje \u00a0zajedni\u010dki podsklop, koji \u010dine demonta\u017eni okvir za municiju, obara\u010d i \u0161titnik obara\u010da. Ovaj kompaktni modul okvir-obara\u010d, skida se sa pu\u0161ke jednostavno. Skidanje ovog modula, tj. promjena okvira na Blaser R8 Professional Success, obavlja se istovremenim pritiskom na dva simetri\u010dna dugmeta, smje\u0161tena s obe strane ispred obara\u010da. Kada palcem i ka\u017eiprstom ja\u010de ruke istovremeno pritisnute oba dugmeta, okvir sa obara\u010dem u tom trenutku ispadne na dlan. Za jednu sekundu je mogu\u0107e u upra\u017enjeno le\u017ei\u0161te ubaciti puni rezervni modul okvir-obara\u010d. Ovaj izmenljivi okvir prima pet metaka malih kalibara, \u010detiri metka srednjih kalibara ili tri metka Magnum kalibra.<br \/>\nKonstruktori su vodili ra\u010duna i o bezbjednosti modela R8, pa svako va\u0111enje ili skidanje okvira-obara\u010da, za posljedicu ima automatsko relaksiranje, opu\u0161tanje udarnog mehanizma. Zna\u010di, svaka promjena okvira dovodi do bezbjednog, automatskog opu\u0161tanja udarne opruge, koju vi\u0161e apsolutno nije mogu\u0107e zapeti ni na jedan na\u010din, sve dok se okvir ne vrati u pu\u0161ku.<\/p>\n<p>Lako se zaklju\u010duju pozitivne strane ove konstrukcije: samo izvadite i na sigurno mesto spremite module okvir-obara\u010d i pu\u0161ku ne mogu vi\u0161e da zloupotrebe, djeca ili neovla\u0161\u0107ena lica.<\/p>\n<p>Hod obara\u010da je izuzetno kratak, bez pripremnog koljena. Povla\u010denjem obara\u010da \u00a0dolazi do reskog opaljenja, koje se slikovito opisuje kao prelamanje tankog, staklenog \u0161tapi\u0107a. Nema promjene okidanja zbog u\u010destalog montiranja i demontiranja modula okvir-obara\u010d. Spoj sanduka i modula okvir-obara\u010d je besprekoran i kroz njega je nemogu\u0107 prodor prljav\u0161tine u unutra\u0161njost pu\u0161ke.<\/p>\n<p><strong>Laka izmena cijevi i kalibara<\/strong><\/p>\n<p>Za Blaser R8 rade se cijevi u svim \u00a0poznatim kalibrima: od .222 Rem. do .416 Rem. Mag. Sve cijevi se rade postupkom hladnog kovanja i to unutra\u0161nje o\u017eljebljenje, le\u017ei\u0161te metka i prelazni konus, \u0161to daje vrhunsku i ve\u0107 poslovi\u010dnu preciznost Blaserovim cijevima. U zavisnosti od namjene i kalibra pu\u0161ke, cijevi mogu da budu duge 52 i 58 (\u0161to je standard) i 65 cm, zatim sa ili bez mehani\u010dkih ni\u0161ana, kanalirane \u00a0ili u standardnom izvo\u0111enju. Postoji \u010dak i mogu\u0107nost nabavke cevi osmougaonog popre\u010dnog presjeka. Blaser R8 Professional Success dozvoljava laku izmenu cijevi i kalibara. Jednostavnim odvijanjem dva imbus vijka alatkom koja se isporu\u010duje uz pu\u0161ku, mogu\u0107e je brzo zameniti cijev. Svaka cijev je slobodno plivaju\u0107a, \u0161to zna\u010di da ni u jednoj ta\u010dki ne dodiruje kundak. Specijalno ule\u017ei\u0161tenje omogu\u0107ava sigurno, uvijek isto oslanjanje i pozicioniranje cijevi, koje svaki put garantuje preciznost. Svaka Blaserova cijev ima na sebi specijalno obra\u0111eno mjesto, na koje se kao \u201esedlo\u201c postavlja originalna, jednodjelna Blaserova monta\u017ea. Ukoliko kupite cijevi u vi\u0161e kalibara ili za vi\u0161e namjena, opremite ih odgovaraju\u0107im opti\u010dkim (ili kolimatorskim) ni\u0161anom. Tako upucana pu\u0161ka, svakom naknadnom monta\u017eom cijevi, dava\u0107e uvijek utvr\u0111enu sliku pogodaka.<\/p>\n<p>Blaser R8 Professional Success, na koju je montiran opti\u010dki ni\u0161an Carl Zeiss Ic sa osvjetljenom kon\u010danicom (novije generacije), svako napinjanje pu\u0161ke polugom ili ru\u010dicom zatvara\u010da, automatski uklju\u010duje osvjetljenje kon\u010danice.<\/p>\n<p><strong>Izvanredna ergonomija<\/strong><br \/>\nSvi metalni dijelovi na karabinu Blaser R8 Professional Success ura\u0111eni su od ner\u0111aju\u0107ih materijala ili je \u010delik za\u0161ti\u0107en od stvaranja korozije. Pored standardnih, postoje verzije i za ljevoruku lova\u010dku populaciju.<br \/>\nKundak \u00a0Blasera R8 je osmi\u0161ljen da pravolinijski prenosi silu trzaja u rame strelca. Pritom se ne stvara okretni moment, koji pri opaljenju uti\u010de na podizanje cijevi uvis. Nagibom pi\u0161toljskog rukohvata, omogu\u0107eno je da ja\u010da ruka sigurno kontroli\u0161e polo\u017eaj oru\u017eja. Nadohvat ja\u010de ruke su obara\u010d, dugmad za promjenu okvira, ru\u010dica zatvara\u010da i napinju\u0107a poluga. Izvanredno ergonomski rje\u0161ena pu\u0161ka.<br \/>\nKarabin\u00a0 Blaser R8 Professional Success proizvodi se u vi\u0161e ponu\u0111enih verzija i cijenovnih razreda. \u00a0Tu se, pored kalibara, du\u017eina cijevi, gravure,materijala izrade kundaka (drvo, sintetika, ko\u017ea), \u00a0radi i o velikom dijapazonu nivoa kvaliteta orahovine za kundak.<br \/>\nBlaser R8 je ultramoderna lovna pu\u0161ka posljednje generacije, koju odlikuje mogu\u0107nost modularnog rasklapanja i ugra\u0111ivanja cijevi raznih kalibara. Izuzetno je bezbjedna i u lovu i kada je uskladi\u0161tena.<\/p>\n","protected":false},"excerpt":{"rendered":"<p>Revolucionaran dizajn R8 Professional Success kundaka s utorom za palac je dizajn koji pru\u017ea potpuno opu\u0161teno dr\u017eanje za ruku prilikom pucanja, bez obzira na poziciju cilja.<\/p>\n","protected":false},"featured_media":4448,"template":"","meta":[],"product_cat":[46,199],"product_tag":[295,290,294,284,291],"class_list":{"0":"post-96","1":"product","2":"type-product","3":"status-publish","4":"has-post-thumbnail","6":"product_brand-blaser","7":"product_cat-oruzje","8":"product_cat-lovacki-karabini","9":"product_tag-blaser","10":"product_tag-blaser-karabin","11":"product_tag-blaser-lovacki-karabin","12":"product_tag-blaser-r8","13":"product_tag-blaser-r8-karabin","15":"first","16":"instock","17":"virtual","18":"taxable","19":"purchasable","20":"product-type-simple"},"_links":{"self":[{"href":"https:\/\/torzokom.com\/en\/wp-json\/wp\/v2\/product\/96","targetHints":{"allow":["GET"]}}],"collection":[{"href":"https:\/\/torzokom.com\/en\/wp-json\/wp\/v2\/product"}],"about":[{"href":"https:\/\/torzokom.com\/en\/wp-json\/wp\/v2\/types\/product"}],"version-history":[{"count":0,"href":"https:\/\/torzokom.com\/en\/wp-json\/wp\/v2\/product\/96\/revisions"}],"wp:featuredmedia":[{"embeddable":true,"href":"https:\/\/torzokom.com\/en\/wp-json\/wp\/v2\/media\/4448"}],"wp:attachment":[{"href":"https:\/\/torzokom.com\/en\/wp-json\/wp\/v2\/media?parent=96"}],"wp:term":[{"taxonomy":"product_cat","embeddable":true,"href":"https:\/\/torzokom.com\/en\/wp-json\/wp\/v2\/product_cat?post=96"},{"taxonomy":"product_tag","embeddable":true,"href":"https:\/\/torzokom.com\/en\/wp-json\/wp\/v2\/product_tag?post=96"}],"curies":[{"name":"wp","href":"https:\/\/api.w.org\/{rel}","templated":true}]}}