{"id":9822,"date":"2026-03-04T12:41:38","date_gmt":"2026-03-04T11:41:38","guid":{"rendered":"https:\/\/torzokom.com\/?post_type=product&#038;p=9822"},"modified":"2026-03-11T12:03:33","modified_gmt":"2026-03-11T11:03:33","slug":"kofer-za-pusku1685isy-117x30x10","status":"publish","type":"product","link":"https:\/\/torzokom.com\/en\/product\/kofer-za-pusku1685isy-117x30x10\/","title":{"rendered":"Kofer za pu\u0161ku 1685ISY 117x30x10"},"content":{"rendered":"<p><strong>Kofer za pu\u0161ku \u00a01685ISY<\/strong>\u00a0je robusni, \u0161iroki kofer italijanske proizvodnje, specijalno dizajniran za transport modernih takti\u010dkih pu\u0161aka (poput AR-15 platformi) i karabina sa ve\u0107im opti\u010dkim ni\u0161anima i prate\u0107om opremom. Sa unutra\u0161njom \u0161irinom od\u00a0<strong class=\"Yjhzub\" data-sfc-cb=\"\" data-complete=\"true\" data-processed=\"true\">30 cm<\/strong>, ovaj model nudi zna\u010dajno vi\u0161e prostora za visoke monta\u017ee i dodatke u odnosu na standardne lova\u010dke kofere.<\/p>\n<ul class=\"KsbFXc U6u95\" data-sfc-cb=\"\" data-complete=\"true\" data-processed=\"true\">\n<li class=\"dF3vjf\" data-sfc-cb=\"\" data-hveid=\"CAEIBhAA\" data-complete=\"true\" data-sae=\"\"><span class=\"T286Pc\" data-sfc-cp=\"\" data-sfc-cb=\"\" data-complete=\"true\"><strong class=\"Yjhzub\" data-sfc-cb=\"\" data-complete=\"true\">Prostranost bez premca:<\/strong>\u00a0Sa unutra\u0161njom \u0161irinom od 30 cm, ovaj kofer omogu\u0107ava transport oru\u017eja bez potrebe za skidanjem optike ili dodataka, \u0161to \u0161tedi vrijeme i \u010duva upucanost ni\u0161ana.<\/span><\/li>\n<li class=\"dF3vjf\" data-sfc-cb=\"\" data-hveid=\"CAEIBhAB\" data-complete=\"true\" data-sae=\"\"><span class=\"T286Pc\" data-sfc-cp=\"\" data-sfc-cb=\"\" data-complete=\"true\"><strong class=\"Yjhzub\" data-sfc-cb=\"\" data-complete=\"true\">Maksimalna za\u0161tita:<\/strong>\u00a0Unutra\u0161njost je oblo\u017eena visokokvalitetnim\u00a0<strong class=\"Yjhzub\" data-sfc-cb=\"\" data-complete=\"true\">&#8220;anti-shock&#8221; piramidalnim sun\u0111erom<\/strong>. Sun\u0111er vr\u0161i blagi pritisak na oru\u017eje, fiksiraju\u0107i ga u mjestu i \u0161tite\u0107i ga od direktnih udaraca, potresa i ogrebotina.<\/span><\/li>\n<li class=\"dF3vjf\" data-sfc-cb=\"\" data-hveid=\"CAEIBhAC\" data-complete=\"true\" data-sae=\"\"><span class=\"T286Pc\" data-sfc-cp=\"\" data-sfc-cb=\"\" data-complete=\"true\"><strong class=\"Yjhzub\" data-sfc-cb=\"\" data-complete=\"true\">Robusna konstrukcija:<\/strong>\u00a0Izra\u0111en od tvrde, livene\u00a0<strong class=\"Yjhzub\" data-sfc-cb=\"\" data-complete=\"true\">polipropilenske (PP) plastike<\/strong>\u00a0koja je izuzetno otporna na spoljne uticaje, habanje i promjene temperature.<\/span><\/li>\n<li class=\"dF3vjf\" data-sfc-cb=\"\" data-hveid=\"CAEIBhAD\" data-complete=\"true\" data-sae=\"\"><span class=\"T286Pc\" data-sfc-cp=\"\" data-sfc-cb=\"\" data-complete=\"true\" aria-owns=\"action-menu-parent-container\"><strong class=\"Yjhzub\" data-sfc-cb=\"\" data-complete=\"true\">Siguran transport:<\/strong>\u00a0Kofer je opremljen sa\u00a0<strong class=\"Yjhzub\" data-sfc-cb=\"\" data-complete=\"true\">\u010detiri sna\u017ene klizne kop\u010de<\/strong>\u00a0(slide locks) koje spre\u010davaju slu\u010dajno otvaranje. Tako\u0111e, dizajn uklju\u010duje rupice za postavljanje katanaca za dodatni stepen sigurnosti.<\/span><\/li>\n<\/ul>\n","protected":false},"excerpt":{"rendered":"<p><strong>Kofer za pu\u0161ku 1685ISY\u00a0<\/strong><\/p>\n<p>Za razliku od standardnih uskih kofera, 1685ISY nudi &#8220;hibridnu&#8221; prednost \u2013 dovoljno je dug za ve\u0107inu standardnih cijevi, a dovoljno \u0161irok da primi i najzahtjevnije konfiguracije oru\u017eja. Italijanski dizajn garantuje eleganciju i dugovje\u010dnost, \u010dine\u0107i ga dugoro\u010dnom investicijom za svakog vlasnika oru\u017eja.<\/p>\n","protected":false},"featured_media":9916,"template":"","meta":[],"product_cat":[83,212],"product_tag":[],"class_list":{"0":"post-9822","1":"product","2":"type-product","3":"status-publish","4":"has-post-thumbnail","6":"product_brand-stil-crin-srl","7":"product_cat-dodatna-oprema","8":"product_cat-futrole-i-koferi","10":"first","11":"instock","12":"taxable","13":"shipping-taxable","14":"purchasable","15":"product-type-simple"},"_links":{"self":[{"href":"https:\/\/torzokom.com\/en\/wp-json\/wp\/v2\/product\/9822","targetHints":{"allow":["GET"]}}],"collection":[{"href":"https:\/\/torzokom.com\/en\/wp-json\/wp\/v2\/product"}],"about":[{"href":"https:\/\/torzokom.com\/en\/wp-json\/wp\/v2\/types\/product"}],"version-history":[{"count":0,"href":"https:\/\/torzokom.com\/en\/wp-json\/wp\/v2\/product\/9822\/revisions"}],"wp:featuredmedia":[{"embeddable":true,"href":"https:\/\/torzokom.com\/en\/wp-json\/wp\/v2\/media\/9916"}],"wp:attachment":[{"href":"https:\/\/torzokom.com\/en\/wp-json\/wp\/v2\/media?parent=9822"}],"wp:term":[{"taxonomy":"product_cat","embeddable":true,"href":"https:\/\/torzokom.com\/en\/wp-json\/wp\/v2\/product_cat?post=9822"},{"taxonomy":"product_tag","embeddable":true,"href":"https:\/\/torzokom.com\/en\/wp-json\/wp\/v2\/product_tag?post=9822"}],"curies":[{"name":"wp","href":"https:\/\/api.w.org\/{rel}","templated":true}]}}