{"id":9890,"date":"2026-03-04T12:14:48","date_gmt":"2026-03-04T11:14:48","guid":{"rendered":"https:\/\/torzokom.com\/?post_type=product&#038;p=9890"},"modified":"2026-03-04T13:33:09","modified_gmt":"2026-03-04T12:33:09","slug":"univerzalni-set-za-ciscenje-195","status":"publish","type":"product","link":"https:\/\/torzokom.com\/en\/product\/univerzalni-set-za-ciscenje-195\/","title":{"rendered":"Univerzalni set za \u010di\u0161\u0107enje 195"},"content":{"rendered":"<p>Stilcrin Multical 195 predstavlja sam vrh ponude univerzalnih setova za odr\u017eavanje oru\u017eja. Ovaj set nije samo pribor, ve\u0107 kompletna stanica za odr\u017eavanje koja elimini\u0161e potrebu za kupovinom pojedina\u010dnih setova za svako oru\u017eje koje posjedujete.<br \/>\nBilo da ste sportski strijelac sa vi\u0161e pi\u0161tolja, lovac sa karabinom i sa\u010dmaricom, ili kolekcionar, Multical 195 nudi precizno prilago\u0111ene alate za svaki kanal cijevi.<br \/>\nSadr\u017eaj seta (18+ dodataka):<br \/>\n18 \u010cetkica: 9 bronzanih \u010detkica za uklanjanje tvrdokornih naslaga i 9 vunenih brisa\u010da za poliranje i za\u0161titu.<br \/>\nProfesionalna \u0161ipka: 3-dijelna polirana \u010deli\u010dna \u0161ipka visoke izdr\u017eljivosti.<br \/>\nHemija i odr\u017eavanje: Pakovanje specijalnog ulja (25ml) za podmazivanje i za\u0161titu od korozije.<br \/>\nTekstilni dodaci: Set pamu\u010dnih krpica (dimenzije 6.5 x 8.5 cm) i 2 dr\u017ea\u010da za krpice.<\/p>\n","protected":false},"excerpt":{"rendered":"<p>Ekskluzivni &#8220;All-in-One&#8221; set koji pokriva \u0161irok spektar kalibara, od malokalibarskih pu\u0161aka do sa\u010dmarica. Idealno rje\u0161enje za vlasnike mje\u0161ovitih kolekcija oru\u017eja.<br \/>\n\u0160iroka kompatibilnost: Pokriva sa\u010dmarice (12, 20, .410), pi\u0161tolje (.38, .40, .45) i pu\u0161ke (.22, 7mm, 8mm).<br \/>\nPremium sadr\u017eaj: 18 specijalizovanih \u010detkica i 3-dijelna polirana \u0161ipka.<br \/>\nSve na jednom mjestu: Uklju\u010duje ulje, dr\u017ea\u010de krpica i pamu\u010dne krpice.<br \/>\nTalijanski kvalitet: 100% proizvedeno u Italiji od vrhunskih materijala.<\/p>\n","protected":false},"featured_media":9915,"template":"","meta":[],"product_cat":[30,83],"product_tag":[],"class_list":{"0":"post-9890","1":"product","2":"type-product","3":"status-publish","4":"has-post-thumbnail","6":"product_brand-stil-crin-srl","7":"product_cat-ciscenje-i-odrzavanje-oruzja","8":"product_cat-dodatna-oprema","10":"first","11":"instock","12":"taxable","13":"shipping-taxable","14":"purchasable","15":"product-type-simple"},"_links":{"self":[{"href":"https:\/\/torzokom.com\/en\/wp-json\/wp\/v2\/product\/9890","targetHints":{"allow":["GET"]}}],"collection":[{"href":"https:\/\/torzokom.com\/en\/wp-json\/wp\/v2\/product"}],"about":[{"href":"https:\/\/torzokom.com\/en\/wp-json\/wp\/v2\/types\/product"}],"version-history":[{"count":0,"href":"https:\/\/torzokom.com\/en\/wp-json\/wp\/v2\/product\/9890\/revisions"}],"wp:featuredmedia":[{"embeddable":true,"href":"https:\/\/torzokom.com\/en\/wp-json\/wp\/v2\/media\/9915"}],"wp:attachment":[{"href":"https:\/\/torzokom.com\/en\/wp-json\/wp\/v2\/media?parent=9890"}],"wp:term":[{"taxonomy":"product_cat","embeddable":true,"href":"https:\/\/torzokom.com\/en\/wp-json\/wp\/v2\/product_cat?post=9890"},{"taxonomy":"product_tag","embeddable":true,"href":"https:\/\/torzokom.com\/en\/wp-json\/wp\/v2\/product_tag?post=9890"}],"curies":[{"name":"wp","href":"https:\/\/api.w.org\/{rel}","templated":true}]}}